{"id":33,"date":"2026-01-07T13:39:03","date_gmt":"2026-01-07T13:39:03","guid":{"rendered":"https:\/\/maisonfedor.com\/?page_id=33"},"modified":"2026-01-07T13:39:03","modified_gmt":"2026-01-07T13:39:03","slug":"mentions-legales","status":"publish","type":"page","link":"https:\/\/maisonfedor.com\/index.php\/mentions-legales\/","title":{"rendered":"Mentions l\u00e9gales"},"content":{"rendered":"\n<p>Mentions l\u00e9gales<\/p>\n\n\n\n<p>\u00c9diteur du site<br>Maison Fedor est une marque exploit\u00e9e par la soci\u00e9t\u00e9 Compagnie Fran\u00e7aise de Vodka Artisanale.<\/p>\n\n\n\n<p>Compagnie Fran\u00e7aise de Vodka Artisanale<br>Soci\u00e9t\u00e9 SASU<br>Si\u00e8ge social : 41, rue des Martyrs 75009 Paris<br>Email : contact@maisonfedor.com<\/p>\n\n\n\n<p>Directeur de la publication<br>Le directeur de la publication est le repr\u00e9sentant l\u00e9gal de la soci\u00e9t\u00e9.<\/p>\n\n\n\n<p>H\u00e9bergement<br>Le site est h\u00e9berg\u00e9 par OVHcloud<br>2 rue Kellermann, 59100 Roubaix \u2013 France<br>www.ovhcloud.com<\/p>\n\n\n\n<p>Propri\u00e9t\u00e9 intellectuelle<br>L\u2019ensemble des contenus pr\u00e9sents sur le site Maison Fedor (textes, images, identit\u00e9 visuelle) est prot\u00e9g\u00e9 par le droit de la propri\u00e9t\u00e9 intellectuelle.<br>Toute reproduction ou utilisation sans autorisation pr\u00e9alable est interdite.<\/p>\n\n\n\n<p>Responsabilit\u00e9<br>Maison Fedor s\u2019efforce d\u2019assurer l\u2019exactitude des informations diffus\u00e9es sur ce site.<br>Toutefois, la responsabilit\u00e9 de l\u2019\u00e9diteur ne saurait \u00eatre engag\u00e9e en cas d\u2019erreur ou d\u2019omission.<\/p>\n","protected":false},"excerpt":{"rendered":"<p>Mentions l\u00e9gales \u00c9diteur du siteMaison Fedor est une marque exploit\u00e9e par la soci\u00e9t\u00e9 Compagnie Fran\u00e7aise de Vodka Artisanale. Compagnie Fran\u00e7aise [&hellip;]<\/p>\n","protected":false},"author":1,"featured_media":0,"parent":0,"menu_order":0,"comment_status":"closed","ping_status":"closed","template":"","meta":{"site-sidebar-layout":"default","site-content-layout":"","ast-site-content-layout":"default","site-content-style":"default","site-sidebar-style":"default","ast-global-header-display":"","ast-banner-title-visibility":"","ast-main-header-display":"","ast-hfb-above-header-display":"","ast-hfb-below-header-display":"","ast-hfb-mobile-header-display":"","site-post-title":"","ast-breadcrumbs-content":"","ast-featured-img":"","footer-sml-layout":"","ast-disable-related-posts":"","theme-transparent-header-meta":"","adv-header-id-meta":"","stick-header-meta":"","header-above-stick-meta":"","header-main-stick-meta":"","header-below-stick-meta":"","astra-migrate-meta-layouts":"default","ast-page-background-enabled":"default","ast-page-background-meta":{"desktop":{"background-color":"var(--ast-global-color-5)","background-image":"","background-repeat":"repeat","background-position":"center center","background-size":"auto","background-attachment":"scroll","background-type":"","background-media":"","overlay-type":"","overlay-color":"","overlay-opacity":"","overlay-gradient":""},"tablet":{"background-color":"","background-image":"","background-repeat":"repeat","background-position":"center center","background-size":"auto","background-attachment":"scroll","background-type":"","background-media":"","overlay-type":"","overlay-color":"","overlay-opacity":"","overlay-gradient":""},"mobile":{"background-color":"","background-image":"","background-repeat":"repeat","background-position":"center center","background-size":"auto","background-attachment":"scroll","background-type":"","background-media":"","overlay-type":"","overlay-color":"","overlay-opacity":"","overlay-gradient":""}},"ast-content-background-meta":{"desktop":{"background-color":"var(--ast-global-color-4)","background-image":"","background-repeat":"repeat","background-position":"center center","background-size":"auto","background-attachment":"scroll","background-type":"","background-media":"","overlay-type":"","overlay-color":"","overlay-opacity":"","overlay-gradient":""},"tablet":{"background-color":"var(--ast-global-color-4)","background-image":"","background-repeat":"repeat","background-position":"center center","background-size":"auto","background-attachment":"scroll","background-type":"","background-media":"","overlay-type":"","overlay-color":"","overlay-opacity":"","overlay-gradient":""},"mobile":{"background-color":"var(--ast-global-color-4)","background-image":"","background-repeat":"repeat","background-position":"center center","background-size":"auto","background-attachment":"scroll","background-type":"","background-media":"","overlay-type":"","overlay-color":"","overlay-opacity":"","overlay-gradient":""}},"footnotes":""},"class_list":["post-33","page","type-page","status-publish","hentry"],"_links":{"self":[{"href":"https:\/\/maisonfedor.com\/index.php\/wp-json\/wp\/v2\/pages\/33","targetHints":{"allow":["GET"]}}],"collection":[{"href":"https:\/\/maisonfedor.com\/index.php\/wp-json\/wp\/v2\/pages"}],"about":[{"href":"https:\/\/maisonfedor.com\/index.php\/wp-json\/wp\/v2\/types\/page"}],"author":[{"embeddable":true,"href":"https:\/\/maisonfedor.com\/index.php\/wp-json\/wp\/v2\/users\/1"}],"replies":[{"embeddable":true,"href":"https:\/\/maisonfedor.com\/index.php\/wp-json\/wp\/v2\/comments?post=33"}],"version-history":[{"count":1,"href":"https:\/\/maisonfedor.com\/index.php\/wp-json\/wp\/v2\/pages\/33\/revisions"}],"predecessor-version":[{"id":34,"href":"https:\/\/maisonfedor.com\/index.php\/wp-json\/wp\/v2\/pages\/33\/revisions\/34"}],"wp:attachment":[{"href":"https:\/\/maisonfedor.com\/index.php\/wp-json\/wp\/v2\/media?parent=33"}],"curies":[{"name":"wp","href":"https:\/\/api.w.org\/{rel}","templated":true}]}}