{"id":24,"date":"2026-01-07T13:04:52","date_gmt":"2026-01-07T13:04:52","guid":{"rendered":"https:\/\/maisonfedor.com\/?page_id=24"},"modified":"2026-01-08T14:21:03","modified_gmt":"2026-01-08T14:21:03","slug":"maison-fedor","status":"publish","type":"page","link":"https:\/\/maisonfedor.com\/","title":{"rendered":"Qui sommes nous ?"},"content":{"rendered":"\n<p><\/p>\n\n\n\n<p><em>Compagnie Fran\u00e7aise de Vodka Artisanale (CFVA) \u2014 Maison Fedor <\/em><\/p>\n\n\n\n<p>Maison Fedor, est une marque fran\u00e7aise d\u00e9di\u00e9e \u00e0 la cr\u00e9ation de vodka artisanale haut-de-gamme.<\/p>\n\n\n\n<p>Cette derni\u00e8re porte l\u2019ambition de cr\u00e9er une vodka o\u00f9 l\u2019excellence du savoir-faire se conjugue \u00e0 une tra\u00e7abilit\u00e9 exigeante et \u00e0 une lecture contemporaine du luxe.<\/p>\n\n\n\n<p>\u2014<\/p>\n\n\n\n<p>La marque \u2014 <em>Maison<\/em> <em>Fedor<\/em><\/p>\n\n\n\n<p><em>Maison<\/em> <em>Fedor<\/em> est la marque commerciale sous laquelle les produits sont con\u00e7us et d\u00e9velopp\u00e9s.<\/p>\n\n\n\n<p>Elle incarne une identit\u00e9 fran\u00e7aise forte, un positionnement haut-de-gamme et une approche \u00e0 long terme ax\u00e9e sur la qualit\u00e9, la coh\u00e9rence et le raffinement.<\/p>\n\n\n\n<p>\u2014<\/p>\n\n\n\n<p>La soci\u00e9t\u00e9 \u2014 <em>Compagnie Fran\u00e7aise de Vodka Artisanale<\/em><\/p>\n\n\n\n<p>La <em>Compagnie Fran\u00e7aise de Vodka Artisanale<\/em> (CFVA) est la structure juridique porteuse de la marque <em>Maison Fedor<\/em>.<\/p>\n\n\n\n<p>Elle assure le d\u00e9veloppement strat\u00e9gique, la coordination de la production, la conformit\u00e9 r\u00e9glementaire et la distribution.<\/p>\n\n\n\n<p>Cette distinction claire entre la marque et la soci\u00e9t\u00e9 garantit une organisation structur\u00e9e et p\u00e9renne.<\/p>\n\n\n\n<p>\u2014<\/p>\n\n\n\n<p>Notre activit\u00e9<\/p>\n\n\n\n<p>Nous intervenons sur l\u2019ensemble de la cha\u00eene de valeur :<\/p>\n\n\n\n<ul class=\"wp-block-list\">\n<li>conception et positionnement de marques<\/li>\n\n\n\n<li>d\u00e9veloppement de recettes signatures<\/li>\n\n\n\n<li>coordination de la production<\/li>\n\n\n\n<li>strat\u00e9gie de mise sur le march\u00e9 et distribution<\/li>\n<\/ul>\n\n\n\n<p>Notre approche est hautement s\u00e9lective et orient\u00e9e sur le long terme.<\/p>\n\n\n\n<p>\u2014<\/p>\n\n\n\n<p>Contact<\/p>\n\n\n\n<p>contact@maisonfedor.com<\/p>\n\n\n\n<figure class=\"wp-block-gallery has-nested-images columns-default is-cropped wp-block-gallery-1 is-layout-flex wp-block-gallery-is-layout-flex\"><\/figure>\n\n\n\n<form action=\"https:\/\/formspree.io\/f\/xwvpgwyv\" method=\"POST\">\n\n  <input type=\"text\" name=\"prenom\" placeholder=\"Pr\u00e9nom\" required><br><br>\n\n  <input type=\"text\" name=\"nom\" placeholder=\"Nom\" required><br><br>\n\n  <input type=\"email\" name=\"email\" placeholder=\"Email\" required><br><br>\n\n  <input type=\"tel\" name=\"telephone\" placeholder=\"T\u00e9l\u00e9phone\" required><br><br>\n\n  <select name=\"objet\" required>\n    <option value=\"\">\u2014 S\u00e9lectionner un choix \u2014<\/option>\n    <option>Partenariat strat\u00e9gique<\/option>\n    <option>Distribution &#038; repr\u00e9sentation<\/option>\n    <option>Relations presse<\/option>\n    <option>Autre demande professionnelle<\/option>\n  <\/select><br><br>\n\n  <textarea name=\"message\" placeholder=\"Message\" required><\/textarea><br><br>\n\n  <button type=\"submit\">Envoyer<\/button>\n\n<\/form>\n\n\n\n\n\n<p><\/p>\n","protected":false},"excerpt":{"rendered":"<p>Compagnie Fran\u00e7aise de Vodka Artisanale (CFVA) \u2014 Maison Fedor Maison Fedor, est une marque fran\u00e7aise d\u00e9di\u00e9e \u00e0 la cr\u00e9ation de [&hellip;]<\/p>\n","protected":false},"author":1,"featured_media":0,"parent":0,"menu_order":0,"comment_status":"closed","ping_status":"closed","template":"","meta":{"site-sidebar-layout":"default","site-content-layout":"","ast-site-content-layout":"default","site-content-style":"default","site-sidebar-style":"default","ast-global-header-display":"","ast-banner-title-visibility":"","ast-main-header-display":"","ast-hfb-above-header-display":"","ast-hfb-below-header-display":"","ast-hfb-mobile-header-display":"","site-post-title":"","ast-breadcrumbs-content":"","ast-featured-img":"","footer-sml-layout":"","ast-disable-related-posts":"","theme-transparent-header-meta":"","adv-header-id-meta":"","stick-header-meta":"","header-above-stick-meta":"","header-main-stick-meta":"","header-below-stick-meta":"","astra-migrate-meta-layouts":"default","ast-page-background-enabled":"default","ast-page-background-meta":{"desktop":{"background-color":"var(--ast-global-color-5)","background-image":"","background-repeat":"repeat","background-position":"center center","background-size":"auto","background-attachment":"scroll","background-type":"","background-media":"","overlay-type":"","overlay-color":"","overlay-opacity":"","overlay-gradient":""},"tablet":{"background-color":"","background-image":"","background-repeat":"repeat","background-position":"center center","background-size":"auto","background-attachment":"scroll","background-type":"","background-media":"","overlay-type":"","overlay-color":"","overlay-opacity":"","overlay-gradient":""},"mobile":{"background-color":"","background-image":"","background-repeat":"repeat","background-position":"center center","background-size":"auto","background-attachment":"scroll","background-type":"","background-media":"","overlay-type":"","overlay-color":"","overlay-opacity":"","overlay-gradient":""}},"ast-content-background-meta":{"desktop":{"background-color":"var(--ast-global-color-4)","background-image":"","background-repeat":"repeat","background-position":"center center","background-size":"auto","background-attachment":"scroll","background-type":"","background-media":"","overlay-type":"","overlay-color":"","overlay-opacity":"","overlay-gradient":""},"tablet":{"background-color":"var(--ast-global-color-4)","background-image":"","background-repeat":"repeat","background-position":"center center","background-size":"auto","background-attachment":"scroll","background-type":"","background-media":"","overlay-type":"","overlay-color":"","overlay-opacity":"","overlay-gradient":""},"mobile":{"background-color":"var(--ast-global-color-4)","background-image":"","background-repeat":"repeat","background-position":"center center","background-size":"auto","background-attachment":"scroll","background-type":"","background-media":"","overlay-type":"","overlay-color":"","overlay-opacity":"","overlay-gradient":""}},"footnotes":""},"class_list":["post-24","page","type-page","status-publish","hentry"],"_links":{"self":[{"href":"https:\/\/maisonfedor.com\/index.php\/wp-json\/wp\/v2\/pages\/24","targetHints":{"allow":["GET"]}}],"collection":[{"href":"https:\/\/maisonfedor.com\/index.php\/wp-json\/wp\/v2\/pages"}],"about":[{"href":"https:\/\/maisonfedor.com\/index.php\/wp-json\/wp\/v2\/types\/page"}],"author":[{"embeddable":true,"href":"https:\/\/maisonfedor.com\/index.php\/wp-json\/wp\/v2\/users\/1"}],"replies":[{"embeddable":true,"href":"https:\/\/maisonfedor.com\/index.php\/wp-json\/wp\/v2\/comments?post=24"}],"version-history":[{"count":12,"href":"https:\/\/maisonfedor.com\/index.php\/wp-json\/wp\/v2\/pages\/24\/revisions"}],"predecessor-version":[{"id":78,"href":"https:\/\/maisonfedor.com\/index.php\/wp-json\/wp\/v2\/pages\/24\/revisions\/78"}],"wp:attachment":[{"href":"https:\/\/maisonfedor.com\/index.php\/wp-json\/wp\/v2\/media?parent=24"}],"curies":[{"name":"wp","href":"https:\/\/api.w.org\/{rel}","templated":true}]}}